{"id":7508,"date":"2024-10-31T18:29:02","date_gmt":"2024-10-31T18:29:02","guid":{"rendered":"http:\/\/neivor.test\/?page_id=7508"},"modified":"2025-05-15T22:56:55","modified_gmt":"2025-05-15T22:56:55","slug":"servicios-financieros-terminal-virtual","status":"publish","type":"page","link":"https:\/\/www.neivor.com\/en\/servicios-financieros-terminal-virtual\/","title":{"rendered":"Cobr\u00e1 renta o mantenimiento con tarjeta de cr\u00e9dito o d\u00e9bito"},"content":{"rendered":"","protected":false},"excerpt":{"rendered":"","protected":false},"author":10,"featured_media":0,"parent":0,"menu_order":0,"comment_status":"closed","ping_status":"closed","template":"templates\/financial-services-template.php","meta":{"_acf_changed":false,"footnotes":""},"class_list":["post-7508","page","type-page","status-publish","hentry"],"acf":[],"_links":{"self":[{"href":"https:\/\/www.neivor.com\/en\/wp-json\/wp\/v2\/pages\/7508","targetHints":{"allow":["GET"]}}],"collection":[{"href":"https:\/\/www.neivor.com\/en\/wp-json\/wp\/v2\/pages"}],"about":[{"href":"https:\/\/www.neivor.com\/en\/wp-json\/wp\/v2\/types\/page"}],"author":[{"embeddable":true,"href":"https:\/\/www.neivor.com\/en\/wp-json\/wp\/v2\/users\/10"}],"replies":[{"embeddable":true,"href":"https:\/\/www.neivor.com\/en\/wp-json\/wp\/v2\/comments?post=7508"}],"version-history":[{"count":0,"href":"https:\/\/www.neivor.com\/en\/wp-json\/wp\/v2\/pages\/7508\/revisions"}],"wp:attachment":[{"href":"https:\/\/www.neivor.com\/en\/wp-json\/wp\/v2\/media?parent=7508"}],"curies":[{"name":"wp","href":"https:\/\/api.w.org\/{rel}","templated":true}]}}