{"id":3872,"date":"2023-09-05T21:22:24","date_gmt":"2023-09-05T21:22:24","guid":{"rendered":"https:\/\/neivor.com\/?page_id=3872"},"modified":"2023-11-06T19:12:29","modified_gmt":"2023-11-06T19:12:29","slug":"gracias-ebook-productividad-condominios-2","status":"publish","type":"page","link":"https:\/\/www.neivor.com\/en\/gracias-ebook-productividad-condominios-2\/","title":{"rendered":"ebook Tendencias de arrendamiento en M\u00e9xico 2024"},"content":{"rendered":"<p>[elementor-template id=&#8221;1725&#8243;]<br \/>\n<a href=\"https:\/\/share.hsforms.com\/1_hu47Wa_R2WW6T4OuOXj_wcezkj\" target=\"_blank\" rel=\"noopener\"><br \/>\n<img loading=\"lazy\" decoding=\"async\" src=\"http:\/\/neivor.test\/wp-content\/uploads\/2023\/09\/Frame-11-5_11zon.png\" sizes=\"auto, (max-width: 1200px) 100vw, 1200px\" srcset=\"http:\/\/neivor.test\/wp-content\/uploads\/2023\/09\/Frame-11-5_11zon.png 1200w, http:\/\/neivor.test\/wp-content\/uploads\/2023\/09\/Frame-11-5_11zon-300x300.png 300w, http:\/\/neivor.test\/wp-content\/uploads\/2023\/09\/Frame-11-5_11zon-1024x1024.png 1024w, http:\/\/neivor.test\/wp-content\/uploads\/2023\/09\/Frame-11-5_11zon-150x150.png 150w, http:\/\/neivor.test\/wp-content\/uploads\/2023\/09\/Frame-11-5_11zon-768x768.png 768w\" alt=\"\" width=\"1200\" height=\"1200\" \/> <\/a><\/p>\n<h1><b>Tendencias de arrendamiento en M\u00e9xico 2024<\/b><\/h1>\n<h2>Descubre la transformaci\u00f3n actual del mercado y las nuevas oportunidades inmobiliarias<\/h2>\n<p>Para ser competitivo en la industria debes saber c\u00f3mo ha cambiado el mercado inmobiliario en los \u00faltimos a\u00f1os y las tendencias que encabezar\u00e1 el futuro del arrendamiento de propiedades.<\/p>\n<p>Es imperativo conocer a tu cliente, saber qui\u00e9nes son las personas que est\u00e1n rentando propiedades en la actualidad y conocer la mejor manera de llegar a ellos.<\/p>\n<p>Te contamos todo acerca de los h\u00e1bitos de consumo, las preferencias y las necesidades de quienes podr\u00edan ser tus inquilinos.<\/p>\n<h2>\u00bfQu\u00e9 podr\u00e1s aprender en este ebook?<\/h2>\n<ul>\n<li>Preferencias actuales de vivienda en M\u00e9xico y los factores importantes den la decisi\u00f3n de renta.<\/li>\n<li>Cu\u00e1les son los lugares de M\u00e9xico con mejor proyecci\u00f3n inmobiliaria.<\/li>\n<li>Ent\u00e9rate cu\u00e1nto est\u00e1n dispuesto a pagar los inquilinos por una vivienda en renta.<\/li>\n<li>Claves para preparar tu negocio de rentas para el 2024.<\/li>\n<\/ul>\n<h2>Desc\u00e1rgalo ahora y prep\u00e1rate para dominar el mercado de rentas<\/h2>\n<p>Completa el formulario para obtener gratis este ebook y enterarte de lo m\u00e1s importante del mercado de rentas para este 2024.<\/p>\n<p>[elementor-template id=&#8221;1728&#8243;]<\/p>\n","protected":false},"excerpt":{"rendered":"<p>[elementor-template id=&#8221;1725&#8243;] Tendencias de arrendamiento en M\u00e9xico 2024 Descubre la transformaci\u00f3n actual del mercado y las nuevas oportunidades inmobiliarias Para ser competitivo en la industria debes saber c\u00f3mo ha cambiado el mercado inmobiliario en los \u00faltimos a\u00f1os y las tendencias que encabezar\u00e1 el futuro del arrendamiento de propiedades. Es imperativo conocer a tu cliente, saber [&hellip;]<\/p>\n","protected":false},"author":1,"featured_media":0,"parent":0,"menu_order":0,"comment_status":"closed","ping_status":"closed","template":"","meta":{"_acf_changed":false,"footnotes":""},"class_list":["post-3872","page","type-page","status-publish","hentry"],"acf":[],"_links":{"self":[{"href":"https:\/\/www.neivor.com\/en\/wp-json\/wp\/v2\/pages\/3872","targetHints":{"allow":["GET"]}}],"collection":[{"href":"https:\/\/www.neivor.com\/en\/wp-json\/wp\/v2\/pages"}],"about":[{"href":"https:\/\/www.neivor.com\/en\/wp-json\/wp\/v2\/types\/page"}],"author":[{"embeddable":true,"href":"https:\/\/www.neivor.com\/en\/wp-json\/wp\/v2\/users\/1"}],"replies":[{"embeddable":true,"href":"https:\/\/www.neivor.com\/en\/wp-json\/wp\/v2\/comments?post=3872"}],"version-history":[{"count":0,"href":"https:\/\/www.neivor.com\/en\/wp-json\/wp\/v2\/pages\/3872\/revisions"}],"wp:attachment":[{"href":"https:\/\/www.neivor.com\/en\/wp-json\/wp\/v2\/media?parent=3872"}],"curies":[{"name":"wp","href":"https:\/\/api.w.org\/{rel}","templated":true}]}}