{"id":1426,"date":"2022-11-23T21:30:57","date_gmt":"2022-11-23T21:30:57","guid":{"rendered":"https:\/\/migracion.neivor.com\/?page_id=1426"},"modified":"2026-04-15T13:42:46","modified_gmt":"2026-04-15T19:42:46","slug":"mx","status":"publish","type":"page","link":"https:\/\/www.neivor.com\/en\/","title":{"rendered":"Rentas y Condominios"},"content":{"rendered":"<p>[elementor-template id=&#8221;1725&#8243;]<\/p>\n<h1>Lib\u00e9rate de tareas manuales y maximiza la eficiencia en tu administraci\u00f3n inmobiliaria<\/h1>\n<p><a href=\"#form-pagina-condos-home\"><br \/>\nAgendar asesor\u00eda gratuita<br \/>\n<\/a><\/p>\n<p>Con Neivor automatiza la gesti\u00f3n de tu administraci\u00f3n de <a href=\"https:\/\/www.neivor.com\/software-administracion-alquileres\/\">rentas<\/a> o <a href=\"https:\/\/www.neivor.com\/software-administracion-condominios\/\">condominios<\/a>, brind\u00e1ndote la libertad de concentrarte en lo m\u00e1s importante, mientras haces tu labor m\u00e1s profesional<\/p>\n<p><a href=\"#form-pagina-condos-home\"><br \/>\nAgendar asesor\u00eda gratuita<br \/>\n<\/a><br \/>\n<img loading=\"lazy\" decoding=\"async\" src=\"https:\/\/www.neivor.com\/wp-content\/uploads\/2023\/04\/Group-10000019023.webp\" sizes=\"auto, (max-width: 749px) 100vw, 749px\" srcset=\"https:\/\/www.neivor.com\/wp-content\/uploads\/2023\/04\/Group-10000019023.webp 749w, https:\/\/www.neivor.com\/wp-content\/uploads\/2023\/04\/Group-10000019023-300x214.webp 300w\" alt=\"\" width=\"749\" height=\"535\" \/><\/p>\n<h2>\u00bfQu\u00e9 tipo de vivienda administras?<\/h2>\n<p><img loading=\"lazy\" decoding=\"async\" src=\"https:\/\/migracion.neivor.com\/wp-content\/uploads\/2022\/11\/Group-1000001908-1-300x34.webp\" alt=\"\" width=\"300\" height=\"34\" \/><\/p>\n<p><img loading=\"lazy\" decoding=\"async\" src=\"https:\/\/www.neivor.com\/wp-content\/uploads\/2022\/11\/Group-1000001911-1.webp\" sizes=\"auto, (max-width: 651px) 100vw, 651px\" srcset=\"https:\/\/www.neivor.com\/wp-content\/uploads\/2022\/11\/Group-1000001911-1.webp 651w, https:\/\/www.neivor.com\/wp-content\/uploads\/2022\/11\/Group-1000001911-1-300x119.webp 300w\" alt=\"\" width=\"651\" height=\"259\" \/><\/p>\n<h2>Gesti\u00f3n de Rentas<\/h2>\n<p>Centraliza los ingresos de tus rentas y acelera el crecimiento de tus ganancias. Con nuestra plataforma tendr\u00e1s visibilidad completa de tus recursos, reconocer el 100% de los dep\u00f3sitos que recibes y cumplir con los requerimientos fiscales, \u00a1desde una misma plataforma!<\/p>\n<p><a href=\"\/software-administracion-alquileres\/\"><br \/>\nSaber m\u00e1s sobre Rentas<br \/>\n<\/a><\/p>\n<p><img loading=\"lazy\" decoding=\"async\" src=\"https:\/\/migracion.neivor.com\/wp-content\/uploads\/2022\/11\/Group-1000001912-300x29.webp\" alt=\"\" width=\"300\" height=\"29\" \/><\/p>\n<p><img loading=\"lazy\" decoding=\"async\" src=\"https:\/\/www.neivor.com\/wp-content\/uploads\/2022\/11\/Group-1000001904-1.webp\" sizes=\"auto, (max-width: 651px) 100vw, 651px\" srcset=\"https:\/\/www.neivor.com\/wp-content\/uploads\/2022\/11\/Group-1000001904-1.webp 651w, https:\/\/www.neivor.com\/wp-content\/uploads\/2022\/11\/Group-1000001904-1-300x165.webp 300w\" alt=\"\" width=\"651\" height=\"359\" \/><\/p>\n<h2>La soluci\u00f3n todo en uno para tu<br \/>\nCondominio<\/h2>\n<p>Ten visibilidad de lo que est\u00e1 pasando con los recursos de tu condominio y comp\u00e1rtelo con tu comunidad para reforzar la confianza. Ofrece una atenci\u00f3n de calidad y cumple con los est\u00e1ndares de calidad en cada proceso.<\/p>\n<p><a href=\"\/software-administracion-condominios\/\"><br \/>\nSaber m\u00e1s sobre Condominios<br \/>\n<\/a><\/p>\n<h2>Clientes Neivor que conf\u00edan en nosotros para crecer<\/h2>\n<p>Previous<br \/>\nNext<br \/>\nLos administradores de rentas y condominios con edificios de \u00faltima generaci\u00f3n est\u00e1n acelerando el crecimiento de sus comunidades al tomar decisiones estrat\u00e9gicas con ayuda de Neivor.<\/p>\n<h2>Crea experiencias de vivienda \u00fanicas para tus residentes o<br \/>\ninquilinos con <b>el poder de la tecnolog\u00eda Neivor<\/b><\/h2>\n<h2>Crea experiencias de vivienda \u00fanicas con <b>el poder de la tecnolog\u00eda neivor<\/b><\/h2>\n<p><iframe loading=\"lazy\" title=\"Neivor | Unlock simple living\" width=\"500\" height=\"281\" src=\"https:\/\/www.youtube.com\/embed\/Ma5NcPOUA5Q?feature=oembed\" frameborder=\"0\" allow=\"accelerometer; autoplay; clipboard-write; encrypted-media; gyroscope; picture-in-picture; web-share\" referrerpolicy=\"strict-origin-when-cross-origin\" allowfullscreen><\/iframe><br \/>\n<a href=\"#form-pagina-condos-home\"><br \/>\nHablar con un experto<br \/>\n<\/a><\/p>\n<h2>\u00bfQu\u00e9 es una app de administraci\u00f3n de condominios?<\/h2>\n<p>Una app de administraci\u00f3n de condominios es una herramienta digital esencial que simplifica y moderniza la gesti\u00f3n de condominios. Dise\u00f1ada para beneficiar tanto a administradores como a residentes, esta aplicaci\u00f3n proporciona una plataforma eficiente para el control de accesos y la gesti\u00f3n de cuotas de mantenimiento. Ofrece soluciones personalizables que se adaptan a las necesidades espec\u00edficas de cada comunidad, y facilita una administraci\u00f3n de condominios m\u00e1s transparente y eficiente. Con su capacidad para mejorar la convivencia y optimizar la gesti\u00f3n, una app de administraci\u00f3n de condominios se convierte en una elecci\u00f3n preferida para las comunidades modernas<\/p>\n<h2>Tecnolog\u00eda Neivor para evolucionar la forma de vivir<\/h2>\n<p><img loading=\"lazy\" decoding=\"async\" src=\"https:\/\/www.neivor.com\/wp-content\/uploads\/2022\/11\/Group-1000001915.webp\" sizes=\"auto, (max-width: 409px) 100vw, 409px\" srcset=\"https:\/\/www.neivor.com\/wp-content\/uploads\/2022\/11\/Group-1000001915.webp 409w, https:\/\/www.neivor.com\/wp-content\/uploads\/2022\/11\/Group-1000001915-300x271.webp 300w\" alt=\"\" width=\"409\" height=\"369\" \/><\/p>\n<h2>Pagos y Cobros autom\u00e1ticos<\/h2>\n<p>Pago y manejo de cobros simplificados, sin fricci\u00f3n, ineficiencias y errores de los cobros manuales.<br \/>\n<img loading=\"lazy\" decoding=\"async\" src=\"https:\/\/www.neivor.com\/wp-content\/uploads\/2022\/11\/Group-1000001916.webp\" sizes=\"auto, (max-width: 404px) 100vw, 404px\" srcset=\"https:\/\/www.neivor.com\/wp-content\/uploads\/2022\/11\/Group-1000001916.webp 404w, https:\/\/www.neivor.com\/wp-content\/uploads\/2022\/11\/Group-1000001916-300x274.webp 300w\" alt=\"\" width=\"404\" height=\"369\" \/><\/p>\n<h2>Seguridad y Privacidad<\/h2>\n<p>Soluciones de c\u00f3digo QR para control de accesos y recibo de paqueter\u00eda.<\/p>\n<p><img loading=\"lazy\" decoding=\"async\" src=\"https:\/\/www.neivor.com\/wp-content\/uploads\/2022\/11\/Group-1000001917.webp\" sizes=\"auto, (max-width: 403px) 100vw, 403px\" srcset=\"https:\/\/www.neivor.com\/wp-content\/uploads\/2022\/11\/Group-1000001917.webp 403w, https:\/\/www.neivor.com\/wp-content\/uploads\/2022\/11\/Group-1000001917-300x275.webp 300w\" alt=\"\" width=\"403\" height=\"369\" \/><\/p>\n<h2>Optimizaci\u00f3n de Experiencia Residencial<\/h2>\n<p>Acelera solicitudes, servicios y dinamiza las comunicaciones de tu residencial.<br \/>\n<a href=\"#form-pagina-condos-home\"><br \/>\nM\u00e1s Informaci\u00f3n<br \/>\n<\/a><br \/>\nMedios de comunicaci\u00f3n <b>que nos reconocen<\/b><\/p>\n<figure><img decoding=\"async\" src=\"https:\/\/www.neivor.com\/wp-content\/uploads\/2022\/11\/Recurso8300x1.webp\" alt=\"Logo de Forbes\" \/><\/figure>\n<figure><img decoding=\"async\" src=\"https:\/\/www.neivor.com\/wp-content\/uploads\/2022\/11\/Recurso6300x1.webp\" alt=\"Logo Sol de m\u00e9xico\" \/><\/figure>\n<figure><img decoding=\"async\" src=\"https:\/\/www.neivor.com\/wp-content\/uploads\/2023\/12\/image-39.webp\" alt=\"image-39\" \/><\/figure>\n<figure><img decoding=\"async\" src=\"https:\/\/www.neivor.com\/wp-content\/uploads\/2022\/11\/blomberg1.webp\" alt=\"logo bloomberg l\u00ednea\" \/><\/figure>\n<figure><img decoding=\"async\" src=\"https:\/\/www.neivor.com\/wp-content\/uploads\/2022\/11\/REALTASTE1.webp\" alt=\"logo real estate\" \/><\/figure>\n<figure><img decoding=\"async\" src=\"https:\/\/www.neivor.com\/wp-content\/uploads\/2023\/12\/image-57.webp\" alt=\"image-57\" \/><\/figure>\n<figure><img decoding=\"async\" src=\"https:\/\/www.neivor.com\/wp-content\/uploads\/2023\/12\/image-19.webp\" alt=\"image-19\" \/><\/figure>\n<figure><img decoding=\"async\" src=\"https:\/\/www.neivor.com\/wp-content\/uploads\/2023\/12\/image-23.webp\" alt=\"image-23\" \/><\/figure>\n<h2>Clientes Neivor<br \/>\nconf\u00edan en nosotros<br \/>\npara crecer<\/h2>\n<p>Los administradores de rentas y condominios con edificios de \u00faltima generaci\u00f3n est\u00e1n acelerando el crecimiento de sus comunidades al tomar decisiones estrat\u00e9gicas con ayuda de Neivor.<\/p>\n<p><img loading=\"lazy\" decoding=\"async\" src=\"https:\/\/www.neivor.com\/wp-content\/uploads\/2023\/02\/logo.png\" sizes=\"auto, (max-width: 590px) 100vw, 590px\" srcset=\"https:\/\/www.neivor.com\/wp-content\/uploads\/2023\/02\/logo.png 590w, https:\/\/www.neivor.com\/wp-content\/uploads\/2023\/02\/logo-300x107.png 300w\" alt=\"\" width=\"590\" height=\"211\" \/><\/p>\n<h2>$5M USD<\/h2>\n<p>en capital semilla para nuestra tecnolog\u00eda<\/p>\n<h2>34<\/h2>\n<p>Ciudades en 2 pa\u00edses<\/p>\n<h2>3,400<\/h2>\n<p>Condominios en LATAM utilizan Neivor<\/p>\n<h2>Adopta las mejores pr\u00e1cticas en compa\u00f1\u00eda de nuestros expertos<\/h2>\n<p><img loading=\"lazy\" decoding=\"async\" src=\"https:\/\/www.neivor.com\/wp-content\/uploads\/2022\/11\/Group-1000001873-1-1.webp\" sizes=\"auto, (max-width: 711px) 100vw, 711px\" srcset=\"https:\/\/www.neivor.com\/wp-content\/uploads\/2022\/11\/Group-1000001873-1-1.webp 711w, https:\/\/www.neivor.com\/wp-content\/uploads\/2022\/11\/Group-1000001873-1-1-300x226.webp 300w\" alt=\"\" width=\"711\" height=\"535\" \/><\/p>\n<h2>Resolvemos tus dudas sobre nuestro software de administraci\u00f3n<\/h2>\n<p><img loading=\"lazy\" decoding=\"async\" src=\"https:\/\/www.neivor.com\/wp-content\/uploads\/2023\/08\/SmartPhoneMockup-07f-1536x1180-min-e1669669094487-min-1_11zon.png\" sizes=\"auto, (max-width: 1200px) 100vw, 1200px\" srcset=\"https:\/\/www.neivor.com\/wp-content\/uploads\/2023\/08\/SmartPhoneMockup-07f-1536x1180-min-e1669669094487-min-1_11zon.png 1200w, https:\/\/www.neivor.com\/wp-content\/uploads\/2023\/08\/SmartPhoneMockup-07f-1536x1180-min-e1669669094487-min-1_11zon-300x231.png 300w, https:\/\/www.neivor.com\/wp-content\/uploads\/2023\/08\/SmartPhoneMockup-07f-1536x1180-min-e1669669094487-min-1_11zon-1024x787.png 1024w, https:\/\/www.neivor.com\/wp-content\/uploads\/2023\/08\/SmartPhoneMockup-07f-1536x1180-min-e1669669094487-min-1_11zon-768x590.png 768w\" alt=\"\" width=\"1200\" height=\"922\" \/><br \/>\n<a tabindex=\"0\">\u00bfQu\u00e9 ofrece el software de administraci\u00f3n de edificios y condominios de Neivor?<\/a><\/p>\n<p>Nuestro software de gesti\u00f3n de comunidades es una plataforma y app m\u00f3vil que simplifica las operaciones en la administraci\u00f3n de edificios a trav\u00e9s de tecnolog\u00eda de \u00faltima generaci\u00f3n y un equipo de especialistas que se encargan de mejorar la experiencia en viviendas. Algunos de nuestros servicios son: facturaci\u00f3n electr\u00f3nica, conciliaci\u00f3n bancaria, cobro de cuotas de mantenimiento, control de acceso, generaci\u00f3n de reportes y m\u00e1s.<\/p>\n<p><a tabindex=\"0\">\u00bfC\u00f3mo funciona el software de administraci\u00f3n de rentas?<\/a><\/p>\n<p>El software de administraci\u00f3n de alquileres de Neivor permite automatizar procesos operativos y eficientar los resultados en la gesti\u00f3n de bienes inmuebles. Funcionalidades como generaci\u00f3n de CFDIs autom\u00e1ticos, conciliaci\u00f3n de pagos a propietarios y pago de servicios p\u00fablicos permiten optimizar las tareas administrativas y obtener mayor rentabilidad.<\/p>\n<p><a tabindex=\"0\">\u00bfPor qu\u00e9 contar con un software de administraci\u00f3n de alquileres?<\/a><\/p>\n<p>Contar con un software de gesti\u00f3n de alquileres es el paso a una versi\u00f3n digital, automatizada e innovadora en tu servicio como gestor de propiedades. La administraci\u00f3n de inmuebles en renta automatizada te permitir\u00e1 ahorrar recursos, gestionar en menos tiempo, conciliar pagos de forma autom\u00e1tica y ofrecer una mejor experiencia a tus inquilinos.<\/p>\n<p><a tabindex=\"0\">\u00bfCu\u00e1les son las funciones del software de administraci\u00f3n de condominios?<\/a><\/p>\n<p>Con nuestro sistema para administraci\u00f3n de condominios puedes realizar el cobro de cuotas de mantenimiento de manera digital, presentar la rendici\u00f3n de cuentas del condominio con transparencia a trav\u00e9s de los reportes actualizados de la plataforma, consultar el historial de pago en tiempo real, tener un control de visitas seguro y eficaz, as\u00ed como gestionar las amenidades en un clic. A su vez, los residentes pueden pagar la cuota de mantenimiento a trav\u00e9s de distintos m\u00e9todos de pago, levantar tickets de incidencias y reservar amenidades.<\/p>\n<p>[elementor-template id=&#8221;1728&#8243;]<\/p>\n","protected":false},"excerpt":{"rendered":"<p>[elementor-template id=&#8221;1725&#8243;] Lib\u00e9rate de tareas manuales y maximiza la eficiencia en tu administraci\u00f3n inmobiliaria Agendar asesor\u00eda gratuita Con Neivor automatiza la gesti\u00f3n de tu administraci\u00f3n de rentas o condominios, brind\u00e1ndote la libertad de concentrarte en lo m\u00e1s importante, mientras haces tu labor m\u00e1s profesional Agendar asesor\u00eda gratuita \u00bfQu\u00e9 tipo de vivienda administras? Gesti\u00f3n de Rentas [&hellip;]<\/p>\n","protected":false},"author":1,"featured_media":0,"parent":0,"menu_order":0,"comment_status":"closed","ping_status":"closed","template":"templates\/home-template.php","meta":{"_acf_changed":false,"footnotes":""},"class_list":["post-1426","page","type-page","status-publish","hentry"],"acf":[],"_links":{"self":[{"href":"https:\/\/www.neivor.com\/en\/wp-json\/wp\/v2\/pages\/1426","targetHints":{"allow":["GET"]}}],"collection":[{"href":"https:\/\/www.neivor.com\/en\/wp-json\/wp\/v2\/pages"}],"about":[{"href":"https:\/\/www.neivor.com\/en\/wp-json\/wp\/v2\/types\/page"}],"author":[{"embeddable":true,"href":"https:\/\/www.neivor.com\/en\/wp-json\/wp\/v2\/users\/1"}],"replies":[{"embeddable":true,"href":"https:\/\/www.neivor.com\/en\/wp-json\/wp\/v2\/comments?post=1426"}],"version-history":[{"count":72,"href":"https:\/\/www.neivor.com\/en\/wp-json\/wp\/v2\/pages\/1426\/revisions"}],"predecessor-version":[{"id":11810,"href":"https:\/\/www.neivor.com\/en\/wp-json\/wp\/v2\/pages\/1426\/revisions\/11810"}],"wp:attachment":[{"href":"https:\/\/www.neivor.com\/en\/wp-json\/wp\/v2\/media?parent=1426"}],"curies":[{"name":"wp","href":"https:\/\/api.w.org\/{rel}","templated":true}]}}